{"id":167,"date":"2024-10-25T11:13:46","date_gmt":"2024-10-25T11:13:46","guid":{"rendered":"https:\/\/dummy.xtemos.com\/woodmart2\/makeup-elementor\/?page_id=167"},"modified":"2025-03-24T09:56:33","modified_gmt":"2025-03-24T07:56:33","slug":"home","status":"publish","type":"page","link":"https:\/\/ageofglassltd.com\/fr\/","title":{"rendered":"Hom\u03b5"},"content":{"rendered":"<div data-elementor-type=\"wp-page\" data-elementor-id=\"167\" class=\"elementor elementor-167\" data-elementor-post-type=\"page\">\n\t\t\t\t<div class=\"wd-negative-gap elementor-element elementor-element-8b2cee3 elementor-hidden-tablet elementor-hidden-mobile e-flex e-con-boxed e-con e-parent\" data-id=\"8b2cee3\" data-element_type=\"container\" data-e-type=\"container\" data-settings=\"{&quot;background_background&quot;:&quot;classic&quot;}\">\n\t\t\t\t\t<div class=\"e-con-inner\">\n\t\t\t\t<div class=\"elementor-element elementor-element-851d154 elementor-widget elementor-widget-theme-site-logo elementor-widget-image\" data-id=\"851d154\" data-element_type=\"widget\" data-e-type=\"widget\" data-widget_type=\"theme-site-logo.default\">\n\t\t\t\t<div class=\"elementor-widget-container\">\n\t\t\t\t\t\t\t\t\t\t\t<a href=\"https:\/\/ageofglassltd.com\/fr\">\n\t\t\t<img loading=\"lazy\" decoding=\"async\" width=\"1267\" height=\"660\" src=\"https:\/\/ageofglassltd.com\/wp-content\/uploads\/2025\/02\/Logo-05.jpg\" class=\"attachment-full size-full wp-image-716\" alt=\"\" srcset=\"https:\/\/ageofglassltd.com\/wp-content\/uploads\/2025\/02\/Logo-05.jpg 1267w, https:\/\/ageofglassltd.com\/wp-content\/uploads\/2025\/02\/Logo-05-150x78.jpg 150w, https:\/\/ageofglassltd.com\/wp-content\/uploads\/2025\/02\/Logo-05-1200x625.jpg 1200w, https:\/\/ageofglassltd.com\/wp-content\/uploads\/2025\/02\/Logo-05-300x156.jpg 300w, https:\/\/ageofglassltd.com\/wp-content\/uploads\/2025\/02\/Logo-05-1024x533.jpg 1024w, https:\/\/ageofglassltd.com\/wp-content\/uploads\/2025\/02\/Logo-05-768x400.jpg 768w\" sizes=\"auto, (max-width: 1267px) 100vw, 1267px\" \/>\t\t\t\t<\/a>\n\t\t\t\t\t\t\t\t\t\t\t<\/div>\n\t\t\t\t<\/div>\n\t\t\t\t<div class=\"elementor-element elementor-element-ed50d3b elementor-nav-menu--dropdown-tablet elementor-nav-menu__text-align-aside elementor-nav-menu--toggle elementor-nav-menu--burger elementor-widget elementor-widget-nav-menu\" data-id=\"ed50d3b\" data-element_type=\"widget\" data-e-type=\"widget\" data-settings=\"{&quot;layout&quot;:&quot;vertical&quot;,&quot;submenu_icon&quot;:{&quot;value&quot;:&quot;&lt;svg class=\\&quot;e-font-icon-svg e-fas-caret-down\\&quot; viewBox=\\&quot;0 0 320 512\\&quot; xmlns=\\&quot;http:\\\/\\\/www.w3.org\\\/2000\\\/svg\\&quot;&gt;&lt;path d=\\&quot;M31.3 192h257.3c17.8 0 26.7 21.5 14.1 34.1L174.1 354.8c-7.8 7.8-20.5 7.8-28.3 0L17.2 226.1C4.6 213.5 13.5 192 31.3 192z\\&quot;&gt;&lt;\\\/path&gt;&lt;\\\/svg&gt;&quot;,&quot;library&quot;:&quot;fa-solid&quot;},&quot;toggle&quot;:&quot;burger&quot;}\" data-widget_type=\"nav-menu.default\">\n\t\t\t\t<div class=\"elementor-widget-container\">\n\t\t\t\t\t\t\t\t<nav aria-label=\"Menu\" class=\"elementor-nav-menu--main elementor-nav-menu__container elementor-nav-menu--layout-vertical e--pointer-underline e--animation-fade\">\n\t\t\t\t<ul id=\"menu-1-ed50d3b\" class=\"elementor-nav-menu sm-vertical\"><li class=\"menu-item menu-item-type-post_type menu-item-object-page menu-item-3187\"><a href=\"https:\/\/ageofglassltd.com\/fr\/about-us\/\" class=\"elementor-item\">A propos de nous<\/a><\/li>\n<li class=\"menu-item menu-item-type-custom menu-item-object-custom menu-item-713\"><a href=\"\/fr\/products\/\" class=\"elementor-item\">Produits<\/a><\/li>\n<li class=\"menu-item menu-item-type-custom menu-item-object-custom menu-item-714\"><a href=\"\/fr\/catalogues\/\" class=\"elementor-item\">Catalogues<\/a><\/li>\n<li class=\"menu-item menu-item-type-custom menu-item-object-custom menu-item-715\"><a href=\"\/fr\/contact\/\" class=\"elementor-item\">Contact<\/a><\/li>\n<li class=\"trp-language-switcher-container menu-item menu-item-type-post_type menu-item-object-language_switcher current-language-menu-item menu-item-3469\"><a href=\"https:\/\/ageofglassltd.com\/fr\/wp-json\/wp\/v2\/pages\/167\" class=\"elementor-item elementor-item-anchor\"><span data-no-translation><img loading=\"lazy\" decoding=\"async\" class=\"trp-flag-image\" src=\"https:\/\/ageofglassltd.com\/wp-content\/plugins\/translatepress-multilingual\/assets\/images\/flags\/en_US.png\" width=\"18\" height=\"12\" alt=\"en_US\" title=\"English\"><span class=\"trp-ls-language-name\">English<\/span><\/span><\/a><\/li>\n<\/ul>\t\t\t<\/nav>\n\t\t\t\t\t<div class=\"elementor-menu-toggle\" role=\"button\" tabindex=\"0\" aria-label=\"Permuter le menu\" aria-expanded=\"false\">\n\t\t\t<svg aria-hidden=\"true\" role=\"presentation\" class=\"elementor-menu-toggle__icon--open e-font-icon-svg e-eicon-menu-bar\" viewbox=\"0 0 1000 1000\" xmlns=\"http:\/\/www.w3.org\/2000\/svg\"><path d=\"M104 333H896C929 333 958 304 958 271S929 208 896 208H104C71 208 42 237 42 271S71 333 104 333ZM104 583H896C929 583 958 554 958 521S929 458 896 458H104C71 458 42 487 42 521S71 583 104 583ZM104 833H896C929 833 958 804 958 771S929 708 896 708H104C71 708 42 737 42 771S71 833 104 833Z\"><\/path><\/svg><svg aria-hidden=\"true\" role=\"presentation\" class=\"elementor-menu-toggle__icon--close e-font-icon-svg e-eicon-close\" viewbox=\"0 0 1000 1000\" xmlns=\"http:\/\/www.w3.org\/2000\/svg\"><path d=\"M742 167L500 408 258 167C246 154 233 150 217 150 196 150 179 158 167 167 154 179 150 196 150 212 150 229 154 242 171 254L408 500 167 742C138 771 138 800 167 829 196 858 225 858 254 829L496 587 738 829C750 842 767 846 783 846 800 846 817 842 829 829 842 817 846 804 846 783 846 767 842 750 829 737L588 500 833 258C863 229 863 200 833 171 804 137 775 137 742 167Z\"><\/path><\/svg>\t\t<\/div>\n\t\t\t\t\t<nav class=\"elementor-nav-menu--dropdown elementor-nav-menu__container\" aria-hidden=\"true\">\n\t\t\t\t<ul id=\"menu-2-ed50d3b\" class=\"elementor-nav-menu sm-vertical\"><li class=\"menu-item menu-item-type-post_type menu-item-object-page menu-item-3187\"><a href=\"https:\/\/ageofglassltd.com\/fr\/about-us\/\" class=\"elementor-item\" tabindex=\"-1\">A propos de nous<\/a><\/li>\n<li class=\"menu-item menu-item-type-custom menu-item-object-custom menu-item-713\"><a href=\"\/fr\/products\/\" class=\"elementor-item\" tabindex=\"-1\">Produits<\/a><\/li>\n<li class=\"menu-item menu-item-type-custom menu-item-object-custom menu-item-714\"><a href=\"\/fr\/catalogues\/\" class=\"elementor-item\" tabindex=\"-1\">Catalogues<\/a><\/li>\n<li class=\"menu-item menu-item-type-custom menu-item-object-custom menu-item-715\"><a href=\"\/fr\/contact\/\" class=\"elementor-item\" tabindex=\"-1\">Contact<\/a><\/li>\n<li class=\"trp-language-switcher-container menu-item menu-item-type-post_type menu-item-object-language_switcher current-language-menu-item menu-item-3469\"><a href=\"https:\/\/ageofglassltd.com\/fr\/wp-json\/wp\/v2\/pages\/167\" class=\"elementor-item elementor-item-anchor\" tabindex=\"-1\"><span data-no-translation><img loading=\"lazy\" decoding=\"async\" class=\"trp-flag-image\" src=\"https:\/\/ageofglassltd.com\/wp-content\/plugins\/translatepress-multilingual\/assets\/images\/flags\/en_US.png\" width=\"18\" height=\"12\" alt=\"en_US\" title=\"English\"><span class=\"trp-ls-language-name\">English<\/span><\/span><\/a><\/li>\n<\/ul>\t\t\t<\/nav>\n\t\t\t\t\t\t<\/div>\n\t\t\t\t<\/div>\n\t\t\t\t\t<\/div>\n\t\t\t\t<\/div>\n\t\t<div class=\"elementor-element elementor-element-7e6ccae e-con-full wd-section-stretch e-flex e-con e-parent\" data-id=\"7e6ccae\" data-element_type=\"container\" data-e-type=\"container\" id=\"home-hero\" data-settings=\"{&quot;background_background&quot;:&quot;classic&quot;}\">\n\t\t\t\t<div class=\"elementor-element elementor-element-eb09e64 elementor-widget elementor-widget-heading\" data-id=\"eb09e64\" data-element_type=\"widget\" data-e-type=\"widget\" data-widget_type=\"heading.default\">\n\t\t\t\t<div class=\"elementor-widget-container\">\n\t\t\t\t\t<h2 class=\"elementor-heading-title elementor-size-default\">Cro\u00eetre en toute transparence\n<\/h2>\t\t\t\t<\/div>\n\t\t\t\t<\/div>\n\t\t\t\t<div class=\"elementor-element elementor-element-735a7d0 elementor-widget elementor-widget-heading\" data-id=\"735a7d0\" data-element_type=\"widget\" data-e-type=\"widget\" data-widget_type=\"heading.default\">\n\t\t\t\t<div class=\"elementor-widget-container\">\n\t\t\t\t\t<h2 class=\"elementor-heading-title elementor-size-default\"><a href=\"\/fr\/contact\/\">Laissez nos conseillers vous aider \u00e0 atteindre les objectifs que vous vous \u00eates fix\u00e9s<\/a><\/h2>\t\t\t\t<\/div>\n\t\t\t\t<\/div>\n\t\t\t\t<\/div>\n\t\t\t\t<\/div>","protected":false},"excerpt":{"rendered":"<p>Se d\u00e9velopper en toute transparence Laissez nos conseillers vous aider \u00e0 atteindre vos objectifs<\/p>","protected":false},"author":1,"featured_media":0,"parent":0,"menu_order":0,"comment_status":"closed","ping_status":"closed","template":"","meta":{"footnotes":""},"class_list":["post-167","page","type-page","status-publish","hentry"],"_links":{"self":[{"href":"https:\/\/ageofglassltd.com\/fr\/wp-json\/wp\/v2\/pages\/167","targetHints":{"allow":["GET"]}}],"collection":[{"href":"https:\/\/ageofglassltd.com\/fr\/wp-json\/wp\/v2\/pages"}],"about":[{"href":"https:\/\/ageofglassltd.com\/fr\/wp-json\/wp\/v2\/types\/page"}],"author":[{"embeddable":true,"href":"https:\/\/ageofglassltd.com\/fr\/wp-json\/wp\/v2\/users\/1"}],"replies":[{"embeddable":true,"href":"https:\/\/ageofglassltd.com\/fr\/wp-json\/wp\/v2\/comments?post=167"}],"version-history":[{"count":59,"href":"https:\/\/ageofglassltd.com\/fr\/wp-json\/wp\/v2\/pages\/167\/revisions"}],"predecessor-version":[{"id":3295,"href":"https:\/\/ageofglassltd.com\/fr\/wp-json\/wp\/v2\/pages\/167\/revisions\/3295"}],"wp:attachment":[{"href":"https:\/\/ageofglassltd.com\/fr\/wp-json\/wp\/v2\/media?parent=167"}],"curies":[{"name":"wp","href":"https:\/\/api.w.org\/{rel}","templated":true}]}}